{"id":730,"date":"2021-02-06T13:37:53","date_gmt":"2021-02-06T12:37:53","guid":{"rendered":"https:\/\/af.maxi-trampoline.com\/?page_id=730"},"modified":"2024-08-19T06:16:42","modified_gmt":"2024-08-19T04:16:42","slug":"chi-siamo","status":"publish","type":"page","link":"https:\/\/artsfuneraires.ch\/it\/chi-siamo\/","title":{"rendered":"Chi siamo"},"content":{"rendered":"<p>[et_pb_section fb_built=\u00a0\u00bb1&Prime; _builder_version=\u00a0\u00bb4.16&Prime; _module_preset=\u00a0\u00bbdefault\u00a0\u00bb background_image=\u00a0\u00bbhttps:\/\/www.artsfuneraires.ch\/wp-content\/uploads\/2022\/02\/tombstone-gd3b87263c_1920.jpg\u00a0\u00bb parallax=\u00a0\u00bbon\u00a0\u00bb parallax_method=\u00a0\u00bboff\u00a0\u00bb custom_margin=\u00a0\u00bb0px||||false|false\u00a0\u00bb custom_padding=\u00a0\u00bb||0px|||\u00a0\u00bb locked=\u00a0\u00bboff\u00a0\u00bb global_colors_info=\u00a0\u00bb{}\u00a0\u00bb][et_pb_row column_structure=\u00a0\u00bb3_4,1_4&Prime; _builder_version=\u00a0\u00bb4.16&Prime; _module_preset=\u00a0\u00bbdefault\u00a0\u00bb background_color=\u00a0\u00bbrgba(0,39,37,0.9)\u00a0\u00bb width=\u00a0\u00bb100%\u00a0\u00bb max_width=\u00a0\u00bb2560px\u00a0\u00bb custom_margin=\u00a0\u00bb417px|auto|0px|auto|false|false\u00a0\u00bb custom_margin_tablet=\u00a0\u00bb0px||||false|false\u00a0\u00bb custom_margin_phone=\u00a0\u00bb0px|auto|0px|auto|false|false\u00a0\u00bb custom_margin_last_edited=\u00a0\u00bbon|tablet\u00a0\u00bb custom_padding=\u00a0\u00bb0px||0px||false|false\u00a0\u00bb locked=\u00a0\u00bboff\u00a0\u00bb global_colors_info=\u00a0\u00bb{}\u00a0\u00bb][et_pb_column type=\u00a0\u00bb3_4&Prime; _builder_version=\u00a0\u00bb4.16&Prime; _module_preset=\u00a0\u00bbdefault\u00a0\u00bb global_colors_info=\u00a0\u00bb{}\u00a0\u00bb][et_pb_text _builder_version=\u00a0\u00bb4.20.2&Prime; _module_preset=\u00a0\u00bbdefault\u00a0\u00bb text_font=\u00a0\u00bbOpen Sans||||||||\u00a0\u00bb text_text_color=\u00a0\u00bb#E09900&Prime; text_font_size=\u00a0\u00bb22px\u00a0\u00bb text_line_height=\u00a0\u00bb2em\u00a0\u00bb header_text_color=\u00a0\u00bb#000000&Prime; header_2_font=\u00a0\u00bbOpen Sans||||||||\u00a0\u00bb header_2_text_color=\u00a0\u00bb#FFFFFF\u00a0\u00bb header_2_font_size=\u00a0\u00bb55px\u00a0\u00bb header_2_line_height=\u00a0\u00bb1.5em\u00a0\u00bb header_3_font=\u00a0\u00bbOpen Sans||||||||\u00a0\u00bb header_3_text_color=\u00a0\u00bb#FFFFFF\u00a0\u00bb header_3_font_size=\u00a0\u00bb21px\u00a0\u00bb header_3_line_height=\u00a0\u00bb1.4em\u00a0\u00bb header_4_font=\u00a0\u00bbTangerine||||||||\u00a0\u00bb header_4_text_color=\u00a0\u00bb#FFFFFF\u00a0\u00bb header_4_font_size=\u00a0\u00bb78px\u00a0\u00bb header_6_font=\u00a0\u00bbOpen Sans||||||||\u00a0\u00bb header_6_text_color=\u00a0\u00bb#e09900&Prime; header_6_font_size=\u00a0\u00bb40px\u00a0\u00bb custom_margin_tablet=\u00a0\u00bb\u00a0\u00bb custom_margin_phone=\u00a0\u00bb50px||-50px||false|false\u00a0\u00bb custom_margin_last_edited=\u00a0\u00bbon|phone\u00a0\u00bb custom_padding=\u00a0\u00bb20px|30px|20px|320px|true|false\u00a0\u00bb custom_padding_tablet=\u00a0\u00bb|20px||20px|false|true\u00a0\u00bb custom_padding_phone=\u00a0\u00bb0px|20px||20px|false|false\u00a0\u00bb custom_padding_last_edited=\u00a0\u00bbon|tablet\u00a0\u00bb text_font_size_tablet=\u00a0\u00bb\u00a0\u00bb text_font_size_phone=\u00a0\u00bb16px\u00a0\u00bb text_font_size_last_edited=\u00a0\u00bbon|phone\u00a0\u00bb header_2_font_size_tablet=\u00a0\u00bb\u00a0\u00bb header_2_font_size_phone=\u00a0\u00bb35px\u00a0\u00bb header_2_font_size_last_edited=\u00a0\u00bbon|phone\u00a0\u00bb global_colors_info=\u00a0\u00bb{}\u00a0\u00bb]<\/p>\n<h2>Qui sommes-nous ?<\/h2>\n<h6>Aux Arts Fun\u00e9raires<\/h6>\n<p><small>GEN\u00c8VE &#8211; VAUD &#8211; VALAIS<small>\u00a0<\/small>\u2013 FRIBOURG<\/small><small><\/small><\/p>\n<h3 class=\"fs-40 fw-300\"><span>Votre sp\u00e9cialiste en monuments fun\u00e9raires pour toute la Suisse<\/span><\/h3>\n<p>[\/et_pb_text][\/et_pb_column][et_pb_column type=\u00a0\u00bb1_4&Prime; _builder_version=\u00a0\u00bb4.16&Prime; _module_preset=\u00a0\u00bbdefault\u00a0\u00bb background_enable_color=\u00a0\u00bboff\u00a0\u00bb global_colors_info=\u00a0\u00bb{}\u00a0\u00bb][\/et_pb_column][\/et_pb_row][\/et_pb_section][et_pb_section fb_built=\u00a0\u00bb1&Prime; next_background_color=\u00a0\u00bb#ffffff\u00a0\u00bb _builder_version=\u00a0\u00bb4.16&Prime; _module_preset=\u00a0\u00bbdefault\u00a0\u00bb background_color=\u00a0\u00bbrgba(0,0,0,0.06)\u00a0\u00bb custom_padding=\u00a0\u00bb||4px|||\u00a0\u00bb top_divider_style=\u00a0\u00bbslant2&Prime; top_divider_color=\u00a0\u00bb#005450&Prime; top_divider_flip=\u00a0\u00bbvertical\u00a0\u00bb bottom_divider_style=\u00a0\u00bbslant2&Prime; bottom_divider_flip=\u00a0\u00bbvertical\u00a0\u00bb global_colors_info=\u00a0\u00bb{}\u00a0\u00bb][et_pb_row column_structure=\u00a0\u00bb1_3,2_3&Prime; _builder_version=\u00a0\u00bb4.16&Prime; _module_preset=\u00a0\u00bbdefault\u00a0\u00bb custom_margin=\u00a0\u00bb30px||60px||false|false\u00a0\u00bb global_colors_info=\u00a0\u00bb{}\u00a0\u00bb][et_pb_column type=\u00a0\u00bb1_3&Prime; _builder_version=\u00a0\u00bb4.16&Prime; _module_preset=\u00a0\u00bbdefault\u00a0\u00bb global_colors_info=\u00a0\u00bb{}\u00a0\u00bb][et_pb_image src=\u00a0\u00bbhttps:\/\/artsfuneraires.ch\/wp-content\/uploads\/2021\/02\/tailleur.png\u00a0\u00bb title_text=\u00a0\u00bbtailleur\u00a0\u00bb _builder_version=\u00a0\u00bb4.16&Prime; _module_preset=\u00a0\u00bbdefault\u00a0\u00bb animation_style=\u00a0\u00bbslide\u00a0\u00bb global_colors_info=\u00a0\u00bb{}\u00a0\u00bb][\/et_pb_image][\/et_pb_column][et_pb_column type=\u00a0\u00bb2_3&Prime; _builder_version=\u00a0\u00bb4.16&Prime; _module_preset=\u00a0\u00bbdefault\u00a0\u00bb global_colors_info=\u00a0\u00bb{}\u00a0\u00bb][et_pb_text _builder_version=\u00a0\u00bb4.16&Prime; _module_preset=\u00a0\u00bbdefault\u00a0\u00bb text_font=\u00a0\u00bb|300|||||||\u00a0\u00bb text_text_color=\u00a0\u00bb#333333&Prime; text_font_size=\u00a0\u00bb17px\u00a0\u00bb text_line_height=\u00a0\u00bb1.3em\u00a0\u00bb header_line_height=\u00a0\u00bb1.2em\u00a0\u00bb animation_style=\u00a0\u00bbzoom\u00a0\u00bb header_font_size_tablet=\u00a0\u00bb\u00a0\u00bb header_font_size_phone=\u00a0\u00bb21px\u00a0\u00bb header_font_size_last_edited=\u00a0\u00bbon|phone\u00a0\u00bb header_line_height_tablet=\u00a0\u00bb\u00a0\u00bb header_line_height_phone=\u00a0\u00bb1.2em\u00a0\u00bb header_line_height_last_edited=\u00a0\u00bbon|phone\u00a0\u00bb global_colors_info=\u00a0\u00bb{}\u00a0\u00bb]<\/p>\n<h1>Le granit est notre passion, le travailler notre m\u00e9tier \u2026<\/h1>\n<section>\n<div class=\"container\">\n<div class=\"row\">\n<div class=\"col-lg-12\">\n<p style=\"text-align: justify;\">Mati\u00e8re brute, naturelle et \u00e9cologique, le granit signe par son caract\u00e8re originel la force du temps.<\/p>\n<p style=\"text-align: justify;\">Depuis des mill\u00e9naires, le granit incarne par la r\u00e9alisation d\u2019un ouvrage charg\u00e9 de m\u00e9moire la valeur profonde de l\u2019histoire des hommes.<\/p>\n<p style=\"text-align: justify;\">Il est le t\u00e9moin authentique et ind\u00e9modable des traditions ancestrales exprimant ainsi les diverses aspirations de chacun dans le respect de la reconnaissance.<\/p>\n<p style=\"text-align: justify;\">Nous perp\u00e9tuons depuis de nombreuses ann\u00e9es la fabrication de monuments fun\u00e9raires. Notre professionnalisme r\u00e9pondra \u00e0 toutes vos exigences, qu\u2019elles soient qualitatives ou techniques.<\/p>\n<p>Votre satisfaction est notre premier devoir.<\/p>\n<\/div>\n<\/div>\n<\/div>\n<\/section>\n<p>[\/et_pb_text][\/et_pb_column][\/et_pb_row][\/et_pb_section][et_pb_section fb_built=\u00a0\u00bb1&Prime; _builder_version=\u00a0\u00bb4.16&Prime; _module_preset=\u00a0\u00bbdefault\u00a0\u00bb custom_padding=\u00a0\u00bb11px|||||\u00a0\u00bb global_colors_info=\u00a0\u00bb{}\u00a0\u00bb][et_pb_row _builder_version=\u00a0\u00bb4.16&Prime; _module_preset=\u00a0\u00bbdefault\u00a0\u00bb global_colors_info=\u00a0\u00bb{}\u00a0\u00bb][et_pb_column type=\u00a0\u00bb4_4&Prime; _builder_version=\u00a0\u00bb4.16&Prime; _module_preset=\u00a0\u00bbdefault\u00a0\u00bb global_colors_info=\u00a0\u00bb{}\u00a0\u00bb][et_pb_text _builder_version=\u00a0\u00bb4.16&Prime; _module_preset=\u00a0\u00bbdefault\u00a0\u00bb text_font=\u00a0\u00bb|300|||||||\u00a0\u00bb header_2_font=\u00a0\u00bb|300|||||||\u00a0\u00bb header_2_font_size=\u00a0\u00bb29px\u00a0\u00bb text_orientation=\u00a0\u00bbcenter\u00a0\u00bb custom_margin=\u00a0\u00bb||6px||false|false\u00a0\u00bb global_colors_info=\u00a0\u00bb{}\u00a0\u00bb]<\/p>\n<h2>Une \u00e9quipe dynamique enti\u00e8rement \u00e0 votre service<\/h2>\n<p>[\/et_pb_text][et_pb_text _builder_version=\u00a0\u00bb4.16&Prime; _module_preset=\u00a0\u00bbdefault\u00a0\u00bb text_orientation=\u00a0\u00bbjustified\u00a0\u00bb width=\u00a0\u00bb80%\u00a0\u00bb width_tablet=\u00a0\u00bb\u00a0\u00bb width_phone=\u00a0\u00bb\u00a0\u00bb width_last_edited=\u00a0\u00bbon|desktop\u00a0\u00bb module_alignment=\u00a0\u00bbcenter\u00a0\u00bb global_colors_info=\u00a0\u00bb{}\u00a0\u00bb]<\/p>\n<p>De nos r\u00e9ceptionnistes \u00e0 nos graphistes, en passant par l\u2019ensemble de nos repr\u00e9sentants, nous avons s\u00e9lectionn\u00e9 les personnes les plus exp\u00e9riment\u00e9es dans notre domaine.<\/p>\n<p>Notre r\u00e8gle d\u2019or est simple et pr\u00e9cise:<span>\u00a0<\/span><strong>Vous satisfaire.<\/strong><\/p>\n<p>Afin de vous \u00e9viter mille et une d\u00e9marches et forts de notre longue exp\u00e9rience de toute notre \u00e9quipe en la mati\u00e8re, nous serions tr\u00e8s honor\u00e9s de vous faciliter la t\u00e2che en vous conseillant au mieux dans le choix d\u2019un monument fun\u00e9raire pour votre cher(\u00e8re) disparu(e).<\/p>\n<p>Nous avons s\u00e9lectionn\u00e9 un choix infini de formes et de mati\u00e8res pour une personne unique, du plus simple au plus compliqu\u00e9, nous cr\u00e9ons ce qui vous pla\u00eet en ayant pour unique but de respecter scrupuleusement vos moindres souhaits.<\/p>\n<p>Faisons cette d\u00e9marche ensemble, rencontrons-nous \u00e0 votre domicile, \u00e0 votre convenance.<\/p>\n<p>[\/et_pb_text][\/et_pb_column][\/et_pb_row][\/et_pb_section][et_pb_section fb_built=\u00a0\u00bb1&Prime; _builder_version=\u00a0\u00bb4.16&Prime; _module_preset=\u00a0\u00bbdefault\u00a0\u00bb background_color=\u00a0\u00bb#005450&Prime; custom_margin=\u00a0\u00bb-60px||||false|false\u00a0\u00bb custom_padding=\u00a0\u00bb||0px|||\u00a0\u00bb top_divider_style=\u00a0\u00bbslant2&Prime; top_divider_color=\u00a0\u00bb#FFFFFF\u00a0\u00bb top_divider_repeat=\u00a0\u00bb0x\u00a0\u00bb top_divider_flip=\u00a0\u00bbvertical\u00a0\u00bb bottom_divider_color=\u00a0\u00bb#000000&Prime; bottom_divider_flip=\u00a0\u00bbvertical\u00a0\u00bb global_colors_info=\u00a0\u00bb{}\u00a0\u00bb][et_pb_row use_custom_gutter=\u00a0\u00bbon\u00a0\u00bb gutter_width=\u00a0\u00bb1&Prime; _builder_version=\u00a0\u00bb4.27.0&Prime; _module_preset=\u00a0\u00bbdefault\u00a0\u00bb custom_margin=\u00a0\u00bb54px|auto|0px|auto|false|false\u00a0\u00bb custom_padding=\u00a0\u00bb0px||0px||false|false\u00a0\u00bb hover_enabled=\u00a0\u00bb0&Prime; global_colors_info=\u00a0\u00bb{}\u00a0\u00bb sticky_enabled=\u00a0\u00bb0&Prime;][et_pb_column type=\u00a0\u00bb4_4&Prime; _builder_version=\u00a0\u00bb4.16&Prime; _module_preset=\u00a0\u00bbdefault\u00a0\u00bb global_colors_info=\u00a0\u00bb{}\u00a0\u00bb][et_pb_image src=\u00a0\u00bbhttps:\/\/artsfuneraires.ch\/wp-content\/uploads\/2021\/02\/30ans-fwsm2.png\u00a0\u00bb title_text=\u00a0\u00bb30ans-fwsm2&Prime; _builder_version=\u00a0\u00bb4.27.0&Prime; _module_preset=\u00a0\u00bbdefault\u00a0\u00bb width=\u00a0\u00bb70%\u00a0\u00bb width_tablet=\u00a0\u00bb\u00a0\u00bb width_phone=\u00a0\u00bb\u00a0\u00bb width_last_edited=\u00a0\u00bbon|desktop\u00a0\u00bb module_alignment=\u00a0\u00bbcenter\u00a0\u00bb custom_margin=\u00a0\u00bb|||0px|false|false\u00a0\u00bb animation_style=\u00a0\u00bbslide\u00a0\u00bb animation_direction=\u00a0\u00bbright\u00a0\u00bb hover_enabled=\u00a0\u00bb0&Prime; module_alignment_tablet=\u00a0\u00bb\u00a0\u00bb module_alignment_phone=\u00a0\u00bb\u00a0\u00bb module_alignment_last_edited=\u00a0\u00bbon|desktop\u00a0\u00bb global_colors_info=\u00a0\u00bb{}\u00a0\u00bb align=\u00a0\u00bbcenter\u00a0\u00bb sticky_enabled=\u00a0\u00bb0&Prime;][\/et_pb_image][\/et_pb_column][\/et_pb_row][et_pb_row _builder_version=\u00a0\u00bb4.16&Prime; _module_preset=\u00a0\u00bbdefault\u00a0\u00bb global_colors_info=\u00a0\u00bb{}\u00a0\u00bb][et_pb_column type=\u00a0\u00bb4_4&Prime; _builder_version=\u00a0\u00bb4.16&Prime; _module_preset=\u00a0\u00bbdefault\u00a0\u00bb global_colors_info=\u00a0\u00bb{}\u00a0\u00bb][et_pb_button button_url=\u00a0\u00bb@ET-DC@eyJkeW5hbWljIjp0cnVlLCJjb250ZW50IjoicG9zdF9saW5rX3VybF9wYWdlIiwic2V0dGluZ3MiOnsicG9zdF9pZCI6Ijc2MSJ9fQ==@\u00a0\u00bb button_text=\u00a0\u00bbEnvie d&rsquo;une offre personnalis\u00e9e ?\u00a0\u00bb button_alignment=\u00a0\u00bbcenter\u00a0\u00bb _builder_version=\u00a0\u00bb4.16&Prime; _dynamic_attributes=\u00a0\u00bbbutton_url\u00a0\u00bb _module_preset=\u00a0\u00bbdefault\u00a0\u00bb custom_button=\u00a0\u00bbon\u00a0\u00bb button_text_color=\u00a0\u00bb#FFFFFF\u00a0\u00bb button_use_icon=\u00a0\u00bboff\u00a0\u00bb custom_margin=\u00a0\u00bb2px||||false|false\u00a0\u00bb custom_margin_tablet=\u00a0\u00bb\u00a0\u00bb custom_margin_phone=\u00a0\u00bb10px||20px||false|false\u00a0\u00bb custom_margin_last_edited=\u00a0\u00bbon|phone\u00a0\u00bb animation_style=\u00a0\u00bbslide\u00a0\u00bb animation_direction=\u00a0\u00bbright\u00a0\u00bb global_colors_info=\u00a0\u00bb{}\u00a0\u00bb][\/et_pb_button][\/et_pb_column][\/et_pb_row][\/et_pb_section][et_pb_section fb_built=\u00a0\u00bb1&Prime; custom_padding_last_edited=\u00a0\u00bbon|desktop\u00a0\u00bb prev_background_color=\u00a0\u00bb#005450&Prime; _builder_version=\u00a0\u00bb4.16&Prime; _module_preset=\u00a0\u00bbdefault\u00a0\u00bb background_color=\u00a0\u00bbrgba(0,39,37,0.9)\u00a0\u00bb min_height=\u00a0\u00bb10px\u00a0\u00bb height=\u00a0\u00bb10px\u00a0\u00bb max_height=\u00a0\u00bb10px\u00a0\u00bb custom_padding=\u00a0\u00bb50px||||false|false\u00a0\u00bb custom_padding_tablet=\u00a0\u00bb\u00a0\u00bb custom_padding_phone=\u00a0\u00bb\u00a0\u00bb top_divider_style=\u00a0\u00bbslant2&Prime; top_divider_flip=\u00a0\u00bbvertical\u00a0\u00bb global_colors_info=\u00a0\u00bb{}\u00a0\u00bb][\/et_pb_section]<\/p>\n","protected":false},"excerpt":{"rendered":"<p>Qui sommes-nous ? Aux Arts Fun\u00e9raires GEN\u00c8VE &#8211; VAUD &#8211; VALAIS\u00a0\u2013 FRIBOURG Votre sp\u00e9cialiste en monuments fun\u00e9raires pour toute la SuisseLe granit est notre passion, le travailler notre m\u00e9tier \u2026 Mati\u00e8re brute, naturelle et \u00e9cologique, le granit signe par son caract\u00e8re originel la force du temps. Depuis des mill\u00e9naires, le granit incarne par la r\u00e9alisation [&hellip;]<\/p>\n","protected":false},"author":1,"featured_media":0,"parent":0,"menu_order":20,"comment_status":"closed","ping_status":"closed","template":"","meta":{"_et_pb_use_builder":"on","_et_pb_old_content":"<!-- wp:divi\/placeholder \/-->","_et_gb_content_width":"","footnotes":""},"class_list":["post-730","page","type-page","status-publish","hentry"],"yoast_head":"<!-- This site is optimized with the Yoast SEO plugin v27.3 - https:\/\/yoast.com\/product\/yoast-seo-wordpress\/ -->\n<title>Votre sp\u00e9cialiste en monuments fun\u00e9raires pour toute la Suisse romande depuis plus de 30 ans -<\/title>\n<meta name=\"description\" content=\"Que vous ayez besoin d&#039;un monument en granit personnalis\u00e9 et\/ou personnalisable \u00e0 souhaits, d&#039;une pierre tombale en granit brut ou poli ou d&#039;une marbrerie nous avons la solution au meilleur prixGrand choix de monuments fun\u00e9raires \/ pierres tombales, pour urne, pour b\u00e9b\u00e9, pour enfant, simple ou double \u2013 orthodoxe, musulmane, juive, isra\u00e9lite, islamique, zen \u2013 design, moderne, original, personnalisable \u2013 Valais, Vaud, Gen\u00e8ve, Fribourg\" \/>\n<meta name=\"robots\" content=\"index, follow, max-snippet:-1, max-image-preview:large, max-video-preview:-1\" \/>\n<link rel=\"canonical\" href=\"https:\/\/artsfuneraires.ch\/it\/chi-siamo\/\" \/>\n<meta property=\"og:locale\" content=\"it_IT\" \/>\n<meta property=\"og:type\" content=\"article\" \/>\n<meta property=\"og:title\" content=\"Votre sp\u00e9cialiste en monuments fun\u00e9raires pour toute la Suisse romande depuis plus de 30 ans -\" \/>\n<meta property=\"og:description\" content=\"Que vous ayez besoin d&#039;un monument en granit personnalis\u00e9 et\/ou personnalisable \u00e0 souhaits, d&#039;une pierre tombale en granit brut ou poli ou d&#039;une marbrerie nous avons la solution au meilleur prixGrand choix de monuments fun\u00e9raires \/ pierres tombales, pour urne, pour b\u00e9b\u00e9, pour enfant, simple ou double \u2013 orthodoxe, musulmane, juive, isra\u00e9lite, islamique, zen \u2013 design, moderne, original, personnalisable \u2013 Valais, Vaud, Gen\u00e8ve, Fribourg\" \/>\n<meta property=\"og:url\" content=\"https:\/\/artsfuneraires.ch\/it\/chi-siamo\/\" \/>\n<meta property=\"og:site_name\" content=\"Aux Arts Fun\u00e9raires - vos monuments fun\u00e9raires\" \/>\n<meta property=\"article:modified_time\" content=\"2024-08-19T04:16:42+00:00\" \/>\n<meta name=\"twitter:card\" content=\"summary_large_image\" \/>\n<meta name=\"twitter:label1\" content=\"Tempo di lettura stimato\" \/>\n\t<meta name=\"twitter:data1\" content=\"6 minuti\" \/>\n<script type=\"application\/ld+json\" class=\"yoast-schema-graph\">{\"@context\":\"https:\\\/\\\/schema.org\",\"@graph\":[{\"@type\":\"WebPage\",\"@id\":\"https:\\\/\\\/artsfuneraires.ch\\\/qui-sommes-nous\\\/\",\"url\":\"https:\\\/\\\/artsfuneraires.ch\\\/qui-sommes-nous\\\/\",\"name\":\"Votre sp\u00e9cialiste en monuments fun\u00e9raires pour toute la Suisse romande depuis plus de 30 ans -\",\"isPartOf\":{\"@id\":\"https:\\\/\\\/artsfuneraires.ch\\\/#website\"},\"datePublished\":\"2021-02-06T12:37:53+00:00\",\"dateModified\":\"2024-08-19T04:16:42+00:00\",\"description\":\"Que vous ayez besoin d'un monument en granit personnalis\u00e9 et\\\/ou personnalisable \u00e0 souhaits, d'une pierre tombale en granit brut ou poli ou d'une marbrerie nous avons la solution au meilleur prixGrand choix de monuments fun\u00e9raires \\\/ pierres tombales, pour urne, pour b\u00e9b\u00e9, pour enfant, simple ou double \u2013 orthodoxe, musulmane, juive, isra\u00e9lite, islamique, zen \u2013 design, moderne, original, personnalisable \u2013 Valais, Vaud, Gen\u00e8ve, Fribourg\",\"breadcrumb\":{\"@id\":\"https:\\\/\\\/artsfuneraires.ch\\\/qui-sommes-nous\\\/#breadcrumb\"},\"inLanguage\":\"it-IT\",\"potentialAction\":[{\"@type\":\"ReadAction\",\"target\":[\"https:\\\/\\\/artsfuneraires.ch\\\/qui-sommes-nous\\\/\"]}]},{\"@type\":\"BreadcrumbList\",\"@id\":\"https:\\\/\\\/artsfuneraires.ch\\\/qui-sommes-nous\\\/#breadcrumb\",\"itemListElement\":[{\"@type\":\"ListItem\",\"position\":1,\"name\":\"Accueil\",\"item\":\"https:\\\/\\\/artsfuneraires.ch\\\/\"},{\"@type\":\"ListItem\",\"position\":2,\"name\":\"Qui sommes-nous\"}]},{\"@type\":\"WebSite\",\"@id\":\"https:\\\/\\\/artsfuneraires.ch\\\/#website\",\"url\":\"https:\\\/\\\/artsfuneraires.ch\\\/\",\"name\":\"Aux Arts Fun\u00e9raires - vos monuments fun\u00e9raires\",\"description\":\"Votre sp\u00e9cialiste en monuments fun\u00e9raires pour toute la Suisse romande\",\"publisher\":{\"@id\":\"https:\\\/\\\/artsfuneraires.ch\\\/#organization\"},\"potentialAction\":[{\"@type\":\"SearchAction\",\"target\":{\"@type\":\"EntryPoint\",\"urlTemplate\":\"https:\\\/\\\/artsfuneraires.ch\\\/?s={search_term_string}\"},\"query-input\":{\"@type\":\"PropertyValueSpecification\",\"valueRequired\":true,\"valueName\":\"search_term_string\"}}],\"inLanguage\":\"it-IT\"},{\"@type\":\"Organization\",\"@id\":\"https:\\\/\\\/artsfuneraires.ch\\\/#organization\",\"name\":\"Aux Arts Fun\u00e9raires\",\"url\":\"https:\\\/\\\/artsfuneraires.ch\\\/\",\"logo\":{\"@type\":\"ImageObject\",\"inLanguage\":\"it-IT\",\"@id\":\"https:\\\/\\\/artsfuneraires.ch\\\/#\\\/schema\\\/logo\\\/image\\\/\",\"url\":\"https:\\\/\\\/www.artsfuneraires.ch\\\/wp-content\\\/uploads\\\/2021\\\/02\\\/baseLogoAF.png\",\"contentUrl\":\"https:\\\/\\\/www.artsfuneraires.ch\\\/wp-content\\\/uploads\\\/2021\\\/02\\\/baseLogoAF.png\",\"width\":469,\"height\":110,\"caption\":\"Aux Arts Fun\u00e9raires\"},\"image\":{\"@id\":\"https:\\\/\\\/artsfuneraires.ch\\\/#\\\/schema\\\/logo\\\/image\\\/\"}}]}<\/script>\n<!-- \/ Yoast SEO plugin. -->","yoast_head_json":{"title":"Il vostro specialista in monumenti funebri per tutta la Svizzera romanda da oltre 30 anni -.","description":"Se avete bisogno di un monumento in granito personalizzato e\/o personalizzabile, di una lapide in granito grezzo o levigato o di una lavorazione del marmo, abbiamo la soluzione al miglior prezzo. Ampia scelta di monumenti funebri \/ lapidi, per urne, per neonati, per bambini, singoli o doppi - ortodossi, musulmani, ebrei, israeliti, islamici, zen - design, moderni, originali, personalizzabili - Vallese, Vaud, Ginevra, Friburgo","robots":{"index":"index","follow":"follow","max-snippet":"max-snippet:-1","max-image-preview":"max-image-preview:large","max-video-preview":"max-video-preview:-1"},"canonical":"https:\/\/artsfuneraires.ch\/it\/chi-siamo\/","og_locale":"it_IT","og_type":"article","og_title":"Votre sp\u00e9cialiste en monuments fun\u00e9raires pour toute la Suisse romande depuis plus de 30 ans -","og_description":"Que vous ayez besoin d'un monument en granit personnalis\u00e9 et\/ou personnalisable \u00e0 souhaits, d'une pierre tombale en granit brut ou poli ou d'une marbrerie nous avons la solution au meilleur prixGrand choix de monuments fun\u00e9raires \/ pierres tombales, pour urne, pour b\u00e9b\u00e9, pour enfant, simple ou double \u2013 orthodoxe, musulmane, juive, isra\u00e9lite, islamique, zen \u2013 design, moderne, original, personnalisable \u2013 Valais, Vaud, Gen\u00e8ve, Fribourg","og_url":"https:\/\/artsfuneraires.ch\/it\/chi-siamo\/","og_site_name":"Aux Arts Fun\u00e9raires - vos monuments fun\u00e9raires","article_modified_time":"2024-08-19T04:16:42+00:00","twitter_card":"summary_large_image","twitter_misc":{"Tempo di lettura stimato":"6 minuti"},"schema":{"@context":"https:\/\/schema.org","@graph":[{"@type":"WebPage","@id":"https:\/\/artsfuneraires.ch\/qui-sommes-nous\/","url":"https:\/\/artsfuneraires.ch\/qui-sommes-nous\/","name":"Il vostro specialista in monumenti funebri per tutta la Svizzera romanda da oltre 30 anni -.","isPartOf":{"@id":"https:\/\/artsfuneraires.ch\/#website"},"datePublished":"2021-02-06T12:37:53+00:00","dateModified":"2024-08-19T04:16:42+00:00","description":"Se avete bisogno di un monumento in granito personalizzato e\/o personalizzabile, di una lapide in granito grezzo o levigato o di una lavorazione del marmo, abbiamo la soluzione al miglior prezzo. Ampia scelta di monumenti funebri \/ lapidi, per urne, per neonati, per bambini, singoli o doppi - ortodossi, musulmani, ebrei, israeliti, islamici, zen - design, moderni, originali, personalizzabili - Vallese, Vaud, Ginevra, Friburgo","breadcrumb":{"@id":"https:\/\/artsfuneraires.ch\/qui-sommes-nous\/#breadcrumb"},"inLanguage":"it-IT","potentialAction":[{"@type":"ReadAction","target":["https:\/\/artsfuneraires.ch\/qui-sommes-nous\/"]}]},{"@type":"BreadcrumbList","@id":"https:\/\/artsfuneraires.ch\/qui-sommes-nous\/#breadcrumb","itemListElement":[{"@type":"ListItem","position":1,"name":"Accueil","item":"https:\/\/artsfuneraires.ch\/"},{"@type":"ListItem","position":2,"name":"Qui sommes-nous"}]},{"@type":"WebSite","@id":"https:\/\/artsfuneraires.ch\/#website","url":"https:\/\/artsfuneraires.ch\/","name":"Aux Arts Fun\u00e9raires - i vostri monumenti funebri","description":"Il vostro specialista in monumenti funebri per tutta la Svizzera francese","publisher":{"@id":"https:\/\/artsfuneraires.ch\/#organization"},"potentialAction":[{"@type":"SearchAction","target":{"@type":"EntryPoint","urlTemplate":"https:\/\/artsfuneraires.ch\/?s={search_term_string}"},"query-input":{"@type":"PropertyValueSpecification","valueRequired":true,"valueName":"search_term_string"}}],"inLanguage":"it-IT"},{"@type":"Organization","@id":"https:\/\/artsfuneraires.ch\/#organization","name":"Presso Funeral Arts","url":"https:\/\/artsfuneraires.ch\/","logo":{"@type":"ImageObject","inLanguage":"it-IT","@id":"https:\/\/artsfuneraires.ch\/#\/schema\/logo\/image\/","url":"https:\/\/www.artsfuneraires.ch\/wp-content\/uploads\/2021\/02\/baseLogoAF.png","contentUrl":"https:\/\/www.artsfuneraires.ch\/wp-content\/uploads\/2021\/02\/baseLogoAF.png","width":469,"height":110,"caption":"Aux Arts Fun\u00e9raires"},"image":{"@id":"https:\/\/artsfuneraires.ch\/#\/schema\/logo\/image\/"}}]}},"_links":{"self":[{"href":"https:\/\/artsfuneraires.ch\/it\/wp-json\/wp\/v2\/pages\/730","targetHints":{"allow":["GET"]}}],"collection":[{"href":"https:\/\/artsfuneraires.ch\/it\/wp-json\/wp\/v2\/pages"}],"about":[{"href":"https:\/\/artsfuneraires.ch\/it\/wp-json\/wp\/v2\/types\/page"}],"author":[{"embeddable":true,"href":"https:\/\/artsfuneraires.ch\/it\/wp-json\/wp\/v2\/users\/1"}],"replies":[{"embeddable":true,"href":"https:\/\/artsfuneraires.ch\/it\/wp-json\/wp\/v2\/comments?post=730"}],"version-history":[{"count":22,"href":"https:\/\/artsfuneraires.ch\/it\/wp-json\/wp\/v2\/pages\/730\/revisions"}],"predecessor-version":[{"id":3035,"href":"https:\/\/artsfuneraires.ch\/it\/wp-json\/wp\/v2\/pages\/730\/revisions\/3035"}],"wp:attachment":[{"href":"https:\/\/artsfuneraires.ch\/it\/wp-json\/wp\/v2\/media?parent=730"}],"curies":[{"name":"wp","href":"https:\/\/api.w.org\/{rel}","templated":true}]}}